{"id":82,"date":"2020-06-03T20:55:10","date_gmt":"2020-06-03T17:55:10","guid":{"rendered":"http:\/\/www.aresbilisim.net\/hakkimizda\/"},"modified":"2022-01-21T21:11:26","modified_gmt":"2022-01-21T18:11:26","slug":"hakkimizda","status":"publish","type":"page","link":"https:\/\/www.aresbilisim.net\/?page_id=82","title":{"rendered":"Hakk\u0131m\u0131zda"},"content":{"rendered":"\n<figure class=\"wp-block-image size-large\"><img loading=\"lazy\" width=\"1024\" height=\"534\" src=\"https:\/\/www.aresbilisim.net\/wp-content\/uploads\/2021\/10\/about-1024x534.jpg\" alt=\"\" class=\"wp-image-87\" srcset=\"https:\/\/www.aresbilisim.net\/wp-content\/uploads\/2021\/10\/about-1024x534.jpg 1024w, https:\/\/www.aresbilisim.net\/wp-content\/uploads\/2021\/10\/about-300x157.jpg 300w, https:\/\/www.aresbilisim.net\/wp-content\/uploads\/2021\/10\/about-768x401.jpg 768w, https:\/\/www.aresbilisim.net\/wp-content\/uploads\/2021\/10\/about.jpg 1320w\" sizes=\"(max-width: 1024px) 100vw, 1024px\" \/><figcaption>HAKKIMIZDA<\/figcaption><\/figure>\n\n\n\n<p>Aresbilisim, Mobil \u0130leti\u015fim \u00c7\u00f6z\u00fcmleri alan\u0131nda sekt\u00f6re de\u011fer katmak ve Kurumsal\u00a0<strong>SMS<\/strong>\u00a0\u00e7\u00f6z\u00fcmleri sunmak \u00fczere 2004 y\u0131l\u0131ndan bu yana kesintisiz hizmet vermektedir.<\/p>\n\n\n\n<p>Sanayi ve teknolojide olu\u015fan ba\u015f d\u00f6nd\u00fcr\u00fcc\u00fc de\u011fi\u015fim ve geli\u015fmeler, \u00f6zellikle ileti\u015fim, ula\u015f\u0131m ve firmam\u0131z\u0131n da i\u00e7erisinde bulundu\u011fu bilgi teknolojilerinde ortaya \u00e7\u0131kan geli\u015fmelerle beraber kalite aray\u0131\u015f\u0131 g\u00fcncelli\u011fini artt\u0131rm\u0131\u015f ve toplumumuzda yayg\u0131n bir olgu haline gelmi\u015ftir.<\/p>\n\n\n\n<p>M\u00fc\u015fterilerimiz en tecr\u00fcbeli, kullan\u0131m\u0131 en kolay, h\u0131zl\u0131 eri\u015fime ve teknik servise sahip olan, uygun fiyatl\u0131 hizmetleri tercih etmektedirler. Kurulu\u015fumuz bu m\u00fc\u015fteri taleplerini kar\u015f\u0131layabilmek i\u00e7in kalite felsefelerini benimsemi\u015f ve ilk \u015fart olarak m\u00fc\u015fteri taleplerini kar\u015f\u0131lamak i\u00e7in de\u011fi\u015fmeyi g\u00f6ze almak ve s\u00fcrekli geli\u015fmek hedefini kalite politikas\u0131 olarak benimsemi\u015ftir.<\/p>\n\n\n\n<p> Aresbilisim , kaliteyi ve performans\u0131n\u0131 s\u00fcrekli iyile\u015ftirerek pazar pay\u0131n\u0131 artt\u0131rmay\u0131 kendisine ama\u00e7 edinmi\u015f, ARGE yat\u0131r\u0131mlar\u0131 sayesinde hep bir ad\u0131m \u00f6nde gitmeyi ba\u015farm\u0131\u015ft\u0131r.<\/p>\n\n\n\n<p>Aresbilisim, M\u00fc\u015fteri odakl\u0131 \u00e7al\u0131\u015fmalar\u0131nda m\u00fc\u015fteri gibi d\u00fc\u015f\u00fcnmeyi kadrosuna a\u015f\u0131lam\u0131\u015f ve m\u00fc\u015fteri memnuniyetini her alanda sa\u011flamay\u0131, ba\u015far\u0131s\u0131n\u0131 artt\u0131rabilmenin ilk \u015fart\u0131 olarak belirlemi\u015ftir. Bu g\u00fcn itibariyle 650 \u00e7\u00f6z\u00fcm orta\u011f\u0131 ve 7000 \u00b4den fazla kurumsal m\u00fc\u015fteri portf\u00f6y\u00fcne sahip\u00a0<em> Aresbilisim <\/em>; rakipleri aras\u0131nda \u00f6n planda yer almaktad\u0131r.<\/p>\n\n\n\n<div class=\"wp-block-columns\">\n<div class=\"wp-block-column\"><\/div>\n\n\n\n<div class=\"wp-block-column\"><\/div>\n<\/div>\n","protected":false},"excerpt":{"rendered":"<p>Aresbilisim, Mobil \u0130leti\u015fim \u00c7\u00f6z\u00fcmleri alan\u0131nda sekt\u00f6re de\u011fer katmak ve Kurumsal\u00a0SMS\u00a0\u00e7\u00f6z\u00fcmleri sunmak \u00fczere 2004 y\u0131l\u0131ndan bu yana kesintisiz hizmet vermektedir. Sanayi ve teknolojide olu\u015fan ba\u015f d\u00f6nd\u00fcr\u00fcc\u00fc de\u011fi\u015fim ve geli\u015fmeler, \u00f6zellikle ileti\u015fim, ula\u015f\u0131m ve firmam\u0131z\u0131n da i\u00e7erisinde bulundu\u011fu bilgi teknolojilerinde ortaya \u00e7\u0131kan geli\u015fmelerle beraber kalite aray\u0131\u015f\u0131 g\u00fcncelli\u011fini artt\u0131rm\u0131\u015f ve toplumumuzda yayg\u0131n bir olgu haline gelmi\u015ftir. M\u00fc\u015fterilerimiz en [&hellip;]<\/p>\n","protected":false},"author":1,"featured_media":0,"parent":0,"menu_order":0,"comment_status":"closed","ping_status":"closed","template":"","meta":[],"_links":{"self":[{"href":"https:\/\/www.aresbilisim.net\/index.php?rest_route=\/wp\/v2\/pages\/82"}],"collection":[{"href":"https:\/\/www.aresbilisim.net\/index.php?rest_route=\/wp\/v2\/pages"}],"about":[{"href":"https:\/\/www.aresbilisim.net\/index.php?rest_route=\/wp\/v2\/types\/page"}],"author":[{"embeddable":true,"href":"https:\/\/www.aresbilisim.net\/index.php?rest_route=\/wp\/v2\/users\/1"}],"replies":[{"embeddable":true,"href":"https:\/\/www.aresbilisim.net\/index.php?rest_route=%2Fwp%2Fv2%2Fcomments&post=82"}],"version-history":[{"count":6,"href":"https:\/\/www.aresbilisim.net\/index.php?rest_route=\/wp\/v2\/pages\/82\/revisions"}],"predecessor-version":[{"id":292,"href":"https:\/\/www.aresbilisim.net\/index.php?rest_route=\/wp\/v2\/pages\/82\/revisions\/292"}],"wp:attachment":[{"href":"https:\/\/www.aresbilisim.net\/index.php?rest_route=%2Fwp%2Fv2%2Fmedia&parent=82"}],"curies":[{"name":"wp","href":"https:\/\/api.w.org\/{rel}","templated":true}]}}