{"id":23,"date":"2020-06-03T13:20:43","date_gmt":"2020-06-03T10:20:43","guid":{"rendered":"http:\/\/www.aresbilisim.net\/cozum-ortaklari\/"},"modified":"2022-01-22T11:54:18","modified_gmt":"2022-01-22T08:54:18","slug":"cozum-ortaklari","status":"publish","type":"page","link":"https:\/\/www.aresbilisim.net\/?page_id=23","title":{"rendered":"\u00c7\u00f6z\u00fcm Ortaklar\u0131"},"content":{"rendered":"\n<p>Siz de\u011ferli m\u00fc\u015fterilerimize daha iyi hizmet verebilmek i\u00e7in konusunda uzman sekt\u00f6rde lider kurumlar ile i\u015f birli\u011fi halindeyiz.<\/p>\n\n\n\n<p><\/p>\n\n\n\n<p><\/p>\n\n\n\n<p>AYYILDIZ TELEKEOM<\/p>\n\n\n\n<p>MEST YAZILIM<\/p>\n\n\n\n<div class=\"wp-block-columns\">\n<div class=\"wp-block-column\" style=\"flex-basis:100%\">\n<figure class=\"wp-block-gallery columns-0\"><ul class=\"blocks-gallery-grid\"><\/ul><\/figure>\n<\/div>\n<\/div>\n","protected":false},"excerpt":{"rendered":"<p>Siz de\u011ferli m\u00fc\u015fterilerimize daha iyi hizmet verebilmek i\u00e7in konusunda uzman sekt\u00f6rde lider kurumlar ile i\u015f birli\u011fi halindeyiz. AYYILDIZ TELEKEOM MEST YAZILIM<\/p>\n","protected":false},"author":1,"featured_media":0,"parent":0,"menu_order":0,"comment_status":"closed","ping_status":"closed","template":"pages\/page-references.php","meta":[],"_links":{"self":[{"href":"https:\/\/www.aresbilisim.net\/index.php?rest_route=\/wp\/v2\/pages\/23"}],"collection":[{"href":"https:\/\/www.aresbilisim.net\/index.php?rest_route=\/wp\/v2\/pages"}],"about":[{"href":"https:\/\/www.aresbilisim.net\/index.php?rest_route=\/wp\/v2\/types\/page"}],"author":[{"embeddable":true,"href":"https:\/\/www.aresbilisim.net\/index.php?rest_route=\/wp\/v2\/users\/1"}],"replies":[{"embeddable":true,"href":"https:\/\/www.aresbilisim.net\/index.php?rest_route=%2Fwp%2Fv2%2Fcomments&post=23"}],"version-history":[{"count":4,"href":"https:\/\/www.aresbilisim.net\/index.php?rest_route=\/wp\/v2\/pages\/23\/revisions"}],"predecessor-version":[{"id":333,"href":"https:\/\/www.aresbilisim.net\/index.php?rest_route=\/wp\/v2\/pages\/23\/revisions\/333"}],"wp:attachment":[{"href":"https:\/\/www.aresbilisim.net\/index.php?rest_route=%2Fwp%2Fv2%2Fmedia&parent=23"}],"curies":[{"name":"wp","href":"https:\/\/api.w.org\/{rel}","templated":true}]}}